{"id":2670,"date":"2024-05-31T11:50:07","date_gmt":"2024-05-31T09:50:07","guid":{"rendered":"https:\/\/zephyr.apvdtest.it\/cms\/multi-units\/"},"modified":"2024-10-11T11:58:12","modified_gmt":"2024-10-11T09:58:12","slug":"multi-units","status":"publish","type":"page","link":"https:\/\/zephir.eu\/es\/multi-units\/","title":{"rendered":"Multi units"},"content":{"rendered":"\n<div class=\"wp-block-stackable-columns alignfull stk-block-columns stk-block stk-d0ffb8a\" data-block-id=\"d0ffb8a\"><style>.stk-d0ffb8a{min-height:0px !important;padding-top:0px !important;padding-right:0px !important;padding-bottom:0px !important;padding-left:0px !important}<\/style><div class=\"stk-row stk-inner-blocks stk-block-content stk-content-align stk-d0ffb8a-column alignfull\">\n<div class=\"wp-block-stackable-column stk-block-column stk-column stk-block stk-90a2894 stk-block-background stk--has-background-overlay\" data-v=\"4\" data-block-id=\"90a2894\"><style>.stk-90a2894-inner-blocks{align-items:center !important;justify-content:center !important}.stk-90a2894{background-image:url(http:\/\/zephyr.apvdtest.it\/cms\/wp-content\/uploads\/2024\/05\/FOTO-MULTIUNIT-min-scaled.jpg) !important}.stk-90a2894:before{background-color:#000000 !important;opacity:0.5 !important}.stk-90a2894-container{min-height:800px !important}<\/style><div class=\"stk-column-wrapper stk-block-column__content stk-container stk-90a2894-container stk--no-background stk--no-padding\"><div class=\"stk--column-flex stk-block-content stk-inner-blocks stk-90a2894-inner-blocks\">\n<div class=\"wp-block-stackable-heading stk-block-heading stk-block-heading--v2 stk-block stk-4e0be3e\" id=\"span-style-color-var-theme-palette-color-7-f-9-f-9-f-9-class-stk-highlight-strong-el-sistema-multiunidades-zemu-de-zephir-strong-span\" data-block-id=\"4e0be3e\"><style>.stk-4e0be3e{margin-bottom:0px !important}<\/style><h1 class=\"stk-block-heading__text\"><span style=\"color: var(--theme-palette-color-7, #F9F9F9);\" class=\"stk-highlight\"><strong>El sistema multiunidades ZEMU de Zephir<\/strong><\/span><\/h1><\/div>\n\n\n\n<div class=\"wp-block-stackable-heading stk-block-heading stk-block-heading--v2 stk-block stk-520d043\" id=\"span-style-color-var-theme-palette-color-7-f-9-f-9-f-9-class-stk-highlight-strong-sistema-zemu-multi-units-di-zephir-rivoluzionando-la-manovra-dei-vagoni-ferroviari-strong-span\" data-block-id=\"520d043\"><h2 class=\"stk-block-heading__text\"><span style=\"color: var(--theme-palette-color-7, #F9F9F9);\" class=\"stk-highlight\"><strong><span style=\"color: var(--theme-palette-color-7, #F9F9F9);\" class=\"stk-highlight\"><strong><span style=\"color: var(--theme-palette-color-7, #F9F9F9);\" class=\"stk-highlight\"><strong>La revoluci\u00f3n en la maniobra de vagones<\/strong><\/span><\/strong><\/span><\/strong><\/span><\/h2><\/div>\n<\/div><\/div><\/div>\n<\/div><\/div>\n\n\n\n<div class=\"wp-block-stackable-columns stk-block-columns stk-block stk-69ec379\" data-block-id=\"69ec379\"><style>.stk-69ec379{margin-bottom:0px !important}<\/style><div class=\"stk-row stk-inner-blocks stk-block-content stk-content-align stk-69ec379-column\">\n<div class=\"wp-block-stackable-column stk-block-column stk-column stk-block stk-4174202\" data-v=\"4\" data-block-id=\"4174202\"><style>.stk-4174202{align-self:center !important}.stk-4174202-inner-blocks{justify-content:center !important}<\/style><div class=\"stk-column-wrapper stk-block-column__content stk-container stk-4174202-container stk--no-background stk--no-padding\"><div class=\"stk--column-flex stk-block-content stk-inner-blocks stk-4174202-inner-blocks\">\n<p>En el sector de la tracci\u00f3n ferroviaria, el sistema t\u00e1ndem o multiunidad consiste en utilizar dos locomotoras que trabajan en sinergia para mover trenes o vagones. Este sistema ofrece una serie de ventajas con respecto al uso de una sola unidad:<\/p>\n\n\n\n<p>Mayor esfuerzo de tracci\u00f3n: Al combinar la potencia de dos unidades, se consigue una mayor capacidad de tracci\u00f3n, lo que permite mover cargas m\u00e1s pesadas y superar pendientes m\u00e1s pronunciadas con mayor facilidad.<\/p>\n\n\n\n<p>Flexibilidad operativa: Las unidades m\u00faltiples pueden configurarse de diferentes maneras seg\u00fan las necesidades operativas, lo que ofrece una mayor versatilidad a la hora de gestionar las cargas y distribuir las fuerzas de tracci\u00f3n a lo largo del tren.<\/p>\n<\/div><\/div><\/div>\n\n\n\n<div class=\"wp-block-stackable-column stk-block-column stk-column stk-block stk-17dd7be\" data-v=\"4\" data-block-id=\"17dd7be\"><style>.stk-17dd7be{align-self:center !important}.stk-17dd7be-inner-blocks{align-items:center !important}<\/style><div class=\"stk-column-wrapper stk-block-column__content stk-container stk-17dd7be-container stk--no-background stk--no-padding\"><div class=\"stk--column-flex stk-block-content stk-inner-blocks stk-17dd7be-inner-blocks\">\n<div class=\"wp-block-stackable-video-popup stk-block-video-popup stk-block stk-2878fea\" data-video=\"http:\/\/zephyr.apvdtest.it\/cms\/wp-content\/uploads\/2024\/05\/Multiunit-da-inserire-in-basso-sulla-sezione-Multiunit.mp4\" data-block-id=\"2878fea\"><button class=\"stk-block-video-popup__overlay stk-row stk-inner-blocks stk-block-content stk-hover-parent\" aria-label=\"Riproduci video\">\n<div class=\"wp-block-stackable-icon stk-block-icon has-text-align-center stk-block stk-c624ac5\" data-block-id=\"c624ac5\"><style>.stk-c624ac5 .stk--svg-wrapper .stk--inner-svg svg:last-child{height:80px !important;width:80px !important}.stk-c624ac5 .stk--svg-wrapper .stk--inner-svg svg:last-child,.stk-c624ac5 .stk--svg-wrapper .stk--inner-svg svg:last-child :is(g,path,rect,polygon,ellipse){fill:#ffffff !important}<\/style><span class=\"stk--svg-wrapper\"><div class=\"stk--inner-svg\"><svg style=\"height:0;width:0\"><defs><linearGradient id=\"linear-gradient-c624ac5\" x1=\"0\" x2=\"100%\" y1=\"0\" y2=\"0\"><stop offset=\"0%\" style=\"stop-opacity:1;stop-color:var(--linear-gradient-c-624-ac-5-color-1)\"><\/stop><stop offset=\"100%\" style=\"stop-opacity:1;stop-color:var(--linear-gradient-c-624-ac-5-color-2)\"><\/stop><\/linearGradient><\/defs><\/svg><svg xmlns=\"http:\/\/www.w3.org\/2000\/svg\" viewBox=\"0 0 512 512\" aria-hidden=\"true\" width=\"32\" height=\"32\"><path d=\"M464 256A208 208 0 1 0 48 256a208 208 0 1 0 416 0zM0 256a256 256 0 1 1 512 0A256 256 0 1 1 0 256zM188.3 147.1c7.6-4.2 16.8-4.1 24.3 .5l144 88c7.1 4.4 11.5 12.1 11.5 20.5s-4.4 16.1-11.5 20.5l-144 88c-7.4 4.5-16.7 4.7-24.3 .5s-12.3-12.2-12.3-20.9V168c0-8.7 4.7-16.7 12.3-20.9z\"><\/path><\/svg><\/div><\/span><\/div>\n\n\n\n<div class=\"wp-block-stackable-image stk-block-image stk-block stk-46d5aa1\" data-block-id=\"46d5aa1\"><style>.stk-46d5aa1{padding-top:15px !important;padding-right:15px !important;padding-bottom:15px !important;padding-left:15px !important}<\/style><figure><span class=\"stk-img-wrapper stk-image--shape-stretch\"><img loading=\"lazy\" decoding=\"async\" class=\"stk-img wp-image-2651\" src=\"https:\/\/zephir.eu\/cms\/wp-content\/uploads\/2024\/05\/Screenshot-2024-05-31-alle-18.39.43.jpg\" width=\"1864\" height=\"1102\" srcset=\"https:\/\/zephir.eu\/cms\/wp-content\/uploads\/2024\/05\/Screenshot-2024-05-31-alle-18.39.43.jpg 1864w, https:\/\/zephir.eu\/cms\/wp-content\/uploads\/2024\/05\/Screenshot-2024-05-31-alle-18.39.43-300x177.jpg 300w, https:\/\/zephir.eu\/cms\/wp-content\/uploads\/2024\/05\/Screenshot-2024-05-31-alle-18.39.43-1024x605.jpg 1024w, https:\/\/zephir.eu\/cms\/wp-content\/uploads\/2024\/05\/Screenshot-2024-05-31-alle-18.39.43-768x454.jpg 768w, https:\/\/zephir.eu\/cms\/wp-content\/uploads\/2024\/05\/Screenshot-2024-05-31-alle-18.39.43-1536x908.jpg 1536w\" sizes=\"auto, (max-width: 1864px) 100vw, 1864px\" \/><\/span><\/figure><\/div>\n<\/button><\/div>\n<\/div><\/div><\/div>\n<\/div><\/div>\n\n\n\n<div class=\"wp-block-stackable-columns stk-block-columns stk-block stk-8d851d5\" data-block-id=\"8d851d5\"><style>.stk-8d851d5{padding-top:12px !important;padding-right:12px !important;padding-bottom:12px !important;padding-left:12px !important;margin-bottom:50px !important}<\/style><div class=\"stk-row stk-inner-blocks stk-block-content stk-content-align stk-8d851d5-column\">\n<div class=\"wp-block-stackable-column stk-block-column stk-column stk-block stk-646b2b9\" data-v=\"4\" data-block-id=\"646b2b9\"><div class=\"stk-column-wrapper stk-block-column__content stk-container stk-646b2b9-container stk--no-background stk--no-padding\"><div class=\"stk-block-content stk-inner-blocks stk-646b2b9-inner-blocks\">\n<p>Mayor seguridad: La redundancia de m\u00faltiples unidades proporciona un nivel adicional de seguridad, ya que el fallo de una sola unidad puede ser compensado por las dem\u00e1s, reduciendo el riesgo de interrupci\u00f3n de las operaciones. Rentabilidad: Utilizar varias unidades puede resultar m\u00e1s rentable que adquirir y mantener una sola unidad m\u00e1s potente. Adem\u00e1s, puede reducir el consumo de combustible y las emisiones, mejorando la eficiencia operativa general.<\/p>\n\n\n\n<p>Mantenimiento y fiabilidad: repartir la carga de trabajo entre varias unidades puede reducir el desgaste individual de cada una de ellas, prolongando la vida \u00fatil del equipo y reduciendo los costes de mantenimiento. En general, el sistema t\u00e1ndem o de unidades m\u00faltiples en el sector del transporte ferroviario representa una soluci\u00f3n avanzada para mejorar la eficacia, la flexibilidad y la seguridad de las operaciones de transporte ferroviario.<\/p>\n\n\n\n<div class=\"wp-block-stackable-heading stk-block-heading stk-block-heading--v2 stk-block stk-adb8ea0\" id=\"optimice-sus-operaciones-con-las-locomotoras-zephir-y-descubra-por-que-somos-lideres-en-soluciones-de-maniobra-de-vagones\" data-block-id=\"adb8ea0\"><h2 class=\"stk-block-heading__text has-text-align-center\">Optimice sus operaciones con las locomotoras Zephir y descubra por qu\u00e9 somos l\u00edderes en soluciones de maniobra de vagones.<\/h2><\/div>\n<\/div><\/div><\/div>\n<\/div><\/div>\n","protected":false},"excerpt":{"rendered":"<p>El sistema multiunidades ZEMU de Zephir La revoluci\u00f3n en la maniobra de vagones En el sector de la tracci\u00f3n ferroviaria, el sistema t\u00e1ndem o multiunidad consiste en utilizar dos locomotoras que trabajan en sinergia para mover trenes o vagones. Este sistema ofrece una serie de ventajas con respecto al uso de una sola unidad: Mayor [&hellip;]<\/p>\n","protected":false},"author":1,"featured_media":0,"parent":0,"menu_order":0,"comment_status":"closed","ping_status":"closed","template":"","meta":{"footnotes":""},"class_list":["post-2670","page","type-page","status-publish","hentry"],"blocksy_meta":[],"featured_image_urls":{"full":"","thumbnail":"","medium":"","medium_large":"","large":"","1536x1536":"","2048x2048":""},"post_excerpt_stackable":"<p>El sistema multiunidades ZEMU de Zephir La revoluci\u00f3n en la maniobra de vagones En el sector de la tracci\u00f3n ferroviaria, el sistema t\u00e1ndem o multiunidad consiste en utilizar dos locomotoras que trabajan en sinergia para mover trenes o vagones. Este sistema ofrece una serie de ventajas con respecto al uso de una sola unidad: Mayor esfuerzo de tracci\u00f3n: Al combinar la potencia de dos unidades, se consigue una mayor capacidad de tracci\u00f3n, lo que permite mover cargas m\u00e1s pesadas y superar pendientes m\u00e1s pronunciadas con mayor facilidad. Flexibilidad operativa: Las unidades m\u00faltiples pueden configurarse de diferentes maneras seg\u00fan las necesidades&hellip;<\/p>\n","category_list":"","author_info":{"name":"apvd","url":"https:\/\/zephir.eu\/es\/author\/apvd\/"},"comments_num":"0 comentarios","yoast_head":"<!-- This site is optimized with the Yoast SEO plugin v23.1 - https:\/\/yoast.com\/wordpress\/plugins\/seo\/ -->\n<title>Multi units - Zephir<\/title>\n<meta name=\"robots\" content=\"index, follow, max-snippet:-1, max-image-preview:large, max-video-preview:-1\" \/>\n<link rel=\"canonical\" href=\"https:\/\/zephir.eu\/es\/multi-units\/\" \/>\n<meta property=\"og:locale\" content=\"es_ES\" \/>\n<meta property=\"og:type\" content=\"article\" \/>\n<meta property=\"og:title\" content=\"Multi units - Zephir\" \/>\n<meta property=\"og:description\" content=\"El sistema multiunidades ZEMU de Zephir La revoluci\u00f3n en la maniobra de vagones En el sector de la tracci\u00f3n ferroviaria, el sistema t\u00e1ndem o multiunidad consiste en utilizar dos locomotoras que trabajan en sinergia para mover trenes o vagones. Este sistema ofrece una serie de ventajas con respecto al uso de una sola unidad: Mayor [&hellip;]\" \/>\n<meta property=\"og:url\" content=\"https:\/\/zephir.eu\/es\/multi-units\/\" \/>\n<meta property=\"og:site_name\" content=\"Zephir\" \/>\n<meta property=\"article:modified_time\" content=\"2024-10-11T09:58:12+00:00\" \/>\n<meta property=\"og:image\" content=\"https:\/\/zephir.eu\/cms\/wp-content\/uploads\/2024\/05\/Screenshot-2024-05-31-alle-18.39.43.jpg\" \/>\n<meta name=\"twitter:card\" content=\"summary_large_image\" \/>\n<meta name=\"twitter:label1\" content=\"Tiempo de lectura\" \/>\n\t<meta name=\"twitter:data1\" content=\"2 minutos\" \/>\n<script type=\"application\/ld+json\" class=\"yoast-schema-graph\">{\"@context\":\"https:\/\/schema.org\",\"@graph\":[{\"@type\":\"WebPage\",\"@id\":\"https:\/\/zephir.eu\/es\/multi-units\/\",\"url\":\"https:\/\/zephir.eu\/es\/multi-units\/\",\"name\":\"Multi units - Zephir\",\"isPartOf\":{\"@id\":\"https:\/\/zephir.eu\/es\/#website\"},\"primaryImageOfPage\":{\"@id\":\"https:\/\/zephir.eu\/es\/multi-units\/#primaryimage\"},\"image\":{\"@id\":\"https:\/\/zephir.eu\/es\/multi-units\/#primaryimage\"},\"thumbnailUrl\":\"https:\/\/zephir.eu\/cms\/wp-content\/uploads\/2024\/05\/Screenshot-2024-05-31-alle-18.39.43.jpg\",\"datePublished\":\"2024-05-31T09:50:07+00:00\",\"dateModified\":\"2024-10-11T09:58:12+00:00\",\"breadcrumb\":{\"@id\":\"https:\/\/zephir.eu\/es\/multi-units\/#breadcrumb\"},\"inLanguage\":\"es\",\"potentialAction\":[{\"@type\":\"ReadAction\",\"target\":[\"https:\/\/zephir.eu\/es\/multi-units\/\"]}]},{\"@type\":\"ImageObject\",\"inLanguage\":\"es\",\"@id\":\"https:\/\/zephir.eu\/es\/multi-units\/#primaryimage\",\"url\":\"https:\/\/zephir.eu\/cms\/wp-content\/uploads\/2024\/05\/Screenshot-2024-05-31-alle-18.39.43.jpg\",\"contentUrl\":\"https:\/\/zephir.eu\/cms\/wp-content\/uploads\/2024\/05\/Screenshot-2024-05-31-alle-18.39.43.jpg\"},{\"@type\":\"BreadcrumbList\",\"@id\":\"https:\/\/zephir.eu\/es\/multi-units\/#breadcrumb\",\"itemListElement\":[{\"@type\":\"ListItem\",\"position\":1,\"name\":\"Home\",\"item\":\"https:\/\/zephir.eu\/es\/\"},{\"@type\":\"ListItem\",\"position\":2,\"name\":\"Multi units\"}]},{\"@type\":\"WebSite\",\"@id\":\"https:\/\/zephir.eu\/es\/#website\",\"url\":\"https:\/\/zephir.eu\/es\/\",\"name\":\"Zephir\",\"description\":\"\",\"publisher\":{\"@id\":\"https:\/\/zephir.eu\/es\/#organization\"},\"potentialAction\":[{\"@type\":\"SearchAction\",\"target\":{\"@type\":\"EntryPoint\",\"urlTemplate\":\"https:\/\/zephir.eu\/es\/?s={search_term_string}\"},\"query-input\":\"required name=search_term_string\"}],\"inLanguage\":\"es\"},{\"@type\":\"Organization\",\"@id\":\"https:\/\/zephir.eu\/es\/#organization\",\"name\":\"Zephir\",\"url\":\"https:\/\/zephir.eu\/es\/\",\"logo\":{\"@type\":\"ImageObject\",\"inLanguage\":\"es\",\"@id\":\"https:\/\/zephir.eu\/es\/#\/schema\/logo\/image\/\",\"url\":\"https:\/\/zephir.eu\/cms\/wp-content\/uploads\/2024\/02\/logo_zephir.svg\",\"contentUrl\":\"https:\/\/zephir.eu\/cms\/wp-content\/uploads\/2024\/02\/logo_zephir.svg\",\"caption\":\"Zephir\"},\"image\":{\"@id\":\"https:\/\/zephir.eu\/es\/#\/schema\/logo\/image\/\"}}]}<\/script>\n<!-- \/ Yoast SEO plugin. -->","yoast_head_json":{"title":"Multi units - Zephir","robots":{"index":"index","follow":"follow","max-snippet":"max-snippet:-1","max-image-preview":"max-image-preview:large","max-video-preview":"max-video-preview:-1"},"canonical":"https:\/\/zephir.eu\/es\/multi-units\/","og_locale":"es_ES","og_type":"article","og_title":"Multi units - Zephir","og_description":"El sistema multiunidades ZEMU de Zephir La revoluci\u00f3n en la maniobra de vagones En el sector de la tracci\u00f3n ferroviaria, el sistema t\u00e1ndem o multiunidad consiste en utilizar dos locomotoras que trabajan en sinergia para mover trenes o vagones. Este sistema ofrece una serie de ventajas con respecto al uso de una sola unidad: Mayor [&hellip;]","og_url":"https:\/\/zephir.eu\/es\/multi-units\/","og_site_name":"Zephir","article_modified_time":"2024-10-11T09:58:12+00:00","og_image":[{"url":"https:\/\/zephir.eu\/cms\/wp-content\/uploads\/2024\/05\/Screenshot-2024-05-31-alle-18.39.43.jpg"}],"twitter_card":"summary_large_image","twitter_misc":{"Tiempo de lectura":"2 minutos"},"schema":{"@context":"https:\/\/schema.org","@graph":[{"@type":"WebPage","@id":"https:\/\/zephir.eu\/es\/multi-units\/","url":"https:\/\/zephir.eu\/es\/multi-units\/","name":"Multi units - Zephir","isPartOf":{"@id":"https:\/\/zephir.eu\/es\/#website"},"primaryImageOfPage":{"@id":"https:\/\/zephir.eu\/es\/multi-units\/#primaryimage"},"image":{"@id":"https:\/\/zephir.eu\/es\/multi-units\/#primaryimage"},"thumbnailUrl":"https:\/\/zephir.eu\/cms\/wp-content\/uploads\/2024\/05\/Screenshot-2024-05-31-alle-18.39.43.jpg","datePublished":"2024-05-31T09:50:07+00:00","dateModified":"2024-10-11T09:58:12+00:00","breadcrumb":{"@id":"https:\/\/zephir.eu\/es\/multi-units\/#breadcrumb"},"inLanguage":"es","potentialAction":[{"@type":"ReadAction","target":["https:\/\/zephir.eu\/es\/multi-units\/"]}]},{"@type":"ImageObject","inLanguage":"es","@id":"https:\/\/zephir.eu\/es\/multi-units\/#primaryimage","url":"https:\/\/zephir.eu\/cms\/wp-content\/uploads\/2024\/05\/Screenshot-2024-05-31-alle-18.39.43.jpg","contentUrl":"https:\/\/zephir.eu\/cms\/wp-content\/uploads\/2024\/05\/Screenshot-2024-05-31-alle-18.39.43.jpg"},{"@type":"BreadcrumbList","@id":"https:\/\/zephir.eu\/es\/multi-units\/#breadcrumb","itemListElement":[{"@type":"ListItem","position":1,"name":"Home","item":"https:\/\/zephir.eu\/es\/"},{"@type":"ListItem","position":2,"name":"Multi units"}]},{"@type":"WebSite","@id":"https:\/\/zephir.eu\/es\/#website","url":"https:\/\/zephir.eu\/es\/","name":"Zephir","description":"","publisher":{"@id":"https:\/\/zephir.eu\/es\/#organization"},"potentialAction":[{"@type":"SearchAction","target":{"@type":"EntryPoint","urlTemplate":"https:\/\/zephir.eu\/es\/?s={search_term_string}"},"query-input":"required name=search_term_string"}],"inLanguage":"es"},{"@type":"Organization","@id":"https:\/\/zephir.eu\/es\/#organization","name":"Zephir","url":"https:\/\/zephir.eu\/es\/","logo":{"@type":"ImageObject","inLanguage":"es","@id":"https:\/\/zephir.eu\/es\/#\/schema\/logo\/image\/","url":"https:\/\/zephir.eu\/cms\/wp-content\/uploads\/2024\/02\/logo_zephir.svg","contentUrl":"https:\/\/zephir.eu\/cms\/wp-content\/uploads\/2024\/02\/logo_zephir.svg","caption":"Zephir"},"image":{"@id":"https:\/\/zephir.eu\/es\/#\/schema\/logo\/image\/"}}]}},"meta_box":[],"_links":{"self":[{"href":"https:\/\/zephir.eu\/es\/wp-json\/wp\/v2\/pages\/2670","targetHints":{"allow":["GET"]}}],"collection":[{"href":"https:\/\/zephir.eu\/es\/wp-json\/wp\/v2\/pages"}],"about":[{"href":"https:\/\/zephir.eu\/es\/wp-json\/wp\/v2\/types\/page"}],"author":[{"embeddable":true,"href":"https:\/\/zephir.eu\/es\/wp-json\/wp\/v2\/users\/1"}],"replies":[{"embeddable":true,"href":"https:\/\/zephir.eu\/es\/wp-json\/wp\/v2\/comments?post=2670"}],"version-history":[{"count":2,"href":"https:\/\/zephir.eu\/es\/wp-json\/wp\/v2\/pages\/2670\/revisions"}],"predecessor-version":[{"id":3659,"href":"https:\/\/zephir.eu\/es\/wp-json\/wp\/v2\/pages\/2670\/revisions\/3659"}],"wp:attachment":[{"href":"https:\/\/zephir.eu\/es\/wp-json\/wp\/v2\/media?parent=2670"}],"curies":[{"name":"wp","href":"https:\/\/api.w.org\/{rel}","templated":true}]}}